{"id":998,"date":"2022-10-11T12:24:38","date_gmt":"2022-10-11T12:24:38","guid":{"rendered":"https:\/\/theholyvalley.shop\/?page_id=998"},"modified":"2024-08-25T03:36:08","modified_gmt":"2024-08-25T00:36:08","slug":"blog","status":"publish","type":"page","link":"https:\/\/theholyvalley.shop\/en\/blog\/","title":{"rendered":"Blog"},"content":{"rendered":"<div data-elementor-type=\"wp-page\" data-elementor-id=\"998\" class=\"elementor elementor-998\" data-elementor-post-type=\"page\">\n\t\t\t\t<div class=\"elementor-element elementor-element-d8c9745 e-con-full e-flex e-con e-parent\" data-id=\"d8c9745\" data-element_type=\"container\" data-settings=\"{&quot;ekit_has_onepagescroll_dot&quot;:&quot;yes&quot;}\">\n\t\t<div class=\"elementor-element elementor-element-1f34a28 e-con-full e-flex e-con e-child\" data-id=\"1f34a28\" data-element_type=\"container\" data-settings=\"{&quot;ekit_has_onepagescroll_dot&quot;:&quot;yes&quot;}\">\n\t\t\t\t<div class=\"elementor-element elementor-element-6aa70b5 elementor-widget elementor-widget-heading\" data-id=\"6aa70b5\" data-element_type=\"widget\" data-settings=\"{&quot;ekit_we_effect_on&quot;:&quot;none&quot;}\" data-widget_type=\"heading.default\">\n\t\t\t\t\t<h2 class=\"elementor-heading-title elementor-size-default\">Blog<\/h2>\t\t\t\t<\/div>\n\t\t\t\t<div class=\"elementor-element elementor-element-c74e856 elementor-widget elementor-widget-image\" data-id=\"c74e856\" data-element_type=\"widget\" data-settings=\"{&quot;ekit_we_effect_on&quot;:&quot;none&quot;}\" data-widget_type=\"image.default\">\n\t\t\t\t\t\t\t\t\t\t\t\t\t\t\t<img decoding=\"async\" width=\"101\" height=\"101\" src=\"https:\/\/theholyvalley.shop\/wp-content\/uploads\/2023\/05\/image-1-1.svg\" class=\"attachment-large size-large wp-image-33\" alt=\"\" \/>\t\t\t\t\t\t\t\t\t\t\t\t\t\t\t<\/div>\n\t\t\t\t<\/div>\n\t\t\t\t<\/div>\n\t\t<div class=\"elementor-element elementor-element-cfc69ec e-flex e-con-boxed e-con e-parent\" data-id=\"cfc69ec\" data-element_type=\"container\" data-settings=\"{&quot;ekit_has_onepagescroll_dot&quot;:&quot;yes&quot;}\">\n\t\t\t\t\t<div class=\"e-con-inner\">\n\t\t<div class=\"elementor-element elementor-element-e3ba29d e-con-full e-flex e-con e-child\" data-id=\"e3ba29d\" data-element_type=\"container\" data-settings=\"{&quot;ekit_has_onepagescroll_dot&quot;:&quot;yes&quot;}\">\n\t\t\t\t<div class=\"elementor-element elementor-element-b4ccd13 elementor-grid-3 elementor-grid-tablet-2 elementor-grid-mobile-1 elementor-posts--thumbnail-top elementor-card-shadow-yes elementor-posts__hover-gradient elementor-widget elementor-widget-posts\" data-id=\"b4ccd13\" data-element_type=\"widget\" data-settings=\"{&quot;cards_columns&quot;:&quot;3&quot;,&quot;cards_columns_tablet&quot;:&quot;2&quot;,&quot;cards_columns_mobile&quot;:&quot;1&quot;,&quot;cards_row_gap&quot;:{&quot;unit&quot;:&quot;px&quot;,&quot;size&quot;:35,&quot;sizes&quot;:[]},&quot;cards_row_gap_tablet&quot;:{&quot;unit&quot;:&quot;px&quot;,&quot;size&quot;:&quot;&quot;,&quot;sizes&quot;:[]},&quot;cards_row_gap_mobile&quot;:{&quot;unit&quot;:&quot;px&quot;,&quot;size&quot;:&quot;&quot;,&quot;sizes&quot;:[]},&quot;ekit_we_effect_on&quot;:&quot;none&quot;}\" data-widget_type=\"posts.cards\">\n\t\t\t\t<div class=\"elementor-widget-container\">\n\t\t\t\t\t\t\t<div class=\"elementor-posts-container elementor-posts elementor-posts--skin-cards elementor-grid\">\n\t\t\t\t<article class=\"elementor-post elementor-grid-item post-5476 post type-post status-publish format-standard hentry category-uncategorized\">\n\t\t\t<div class=\"elementor-post__card\">\n\t\t\t\t<div class=\"elementor-post__text\">\n\t\t\t\t<h3 class=\"elementor-post__title\">\n\t\t\t<a href=\"https:\/\/theholyvalley.shop\/en\/kesfet-bonanza-sweet-slotunu-2\/\" >\n\t\t\t\tKesfet Bonanza Sweet Slotunu\t\t\t<\/a>\n\t\t<\/h3>\n\t\t\t\t<div class=\"elementor-post__excerpt\">\n\t\t\t<p>Kesfet Bonanza Sweet Slotunu<\/p>\t\t<\/div>\n\t\t\n\t\t<a class=\"elementor-post__read-more\" href=\"https:\/\/theholyvalley.shop\/en\/kesfet-bonanza-sweet-slotunu-2\/\" aria-label=\"Read more about Kesfet Bonanza Sweet Slotunu\" tabindex=\"-1\" >\n\t\t\t\u00ab Read More \t\t<\/a>\n\n\t\t\t\t<\/div>\n\t\t\t\t<div class=\"elementor-post__meta-data\">\n\t\t\t\t\t<span class=\"elementor-post-date\">\n\t\t\t21\/08\/2025\t\t<\/span>\n\t\t\t\t<\/div>\n\t\t\t\t\t<\/div>\n\t\t<\/article>\n\t\t\t\t<article class=\"elementor-post elementor-grid-item post-5474 post type-post status-publish format-standard hentry category-uncategorized\">\n\t\t\t<div class=\"elementor-post__card\">\n\t\t\t\t<div class=\"elementor-post__text\">\n\t\t\t\t<h3 class=\"elementor-post__title\">\n\t\t\t<a href=\"https:\/\/theholyvalley.shop\/en\/kesfet-bonanza-sweet-slotunu\/\" >\n\t\t\t\tKesfet Bonanza Sweet Slotunu\t\t\t<\/a>\n\t\t<\/h3>\n\t\t\t\t<div class=\"elementor-post__excerpt\">\n\t\t\t<p>Kesfet Bonanza Sweet Slotunu<\/p>\t\t<\/div>\n\t\t\n\t\t<a class=\"elementor-post__read-more\" href=\"https:\/\/theholyvalley.shop\/en\/kesfet-bonanza-sweet-slotunu\/\" aria-label=\"Read more about Kesfet Bonanza Sweet Slotunu\" tabindex=\"-1\" >\n\t\t\t\u00ab Read More \t\t<\/a>\n\n\t\t\t\t<\/div>\n\t\t\t\t<div class=\"elementor-post__meta-data\">\n\t\t\t\t\t<span class=\"elementor-post-date\">\n\t\t\t21\/08\/2025\t\t<\/span>\n\t\t\t\t<\/div>\n\t\t\t\t\t<\/div>\n\t\t<\/article>\n\t\t\t\t<article class=\"elementor-post elementor-grid-item post-5472 post type-post status-publish format-standard hentry category-uncategorized\">\n\t\t\t<div class=\"elementor-post__card\">\n\t\t\t\t<div class=\"elementor-post__text\">\n\t\t\t\t<h3 class=\"elementor-post__title\">\n\t\t\t<a href=\"https:\/\/theholyvalley.shop\/en\/mostbet-favori-casino-platformunuz\/\" >\n\t\t\t\tMostbet &#8211; favori casino platformunuz\t\t\t<\/a>\n\t\t<\/h3>\n\t\t\t\t<div class=\"elementor-post__excerpt\">\n\t\t\t<p>Mostbet &#8211; favori casino platformunuz<\/p>\t\t<\/div>\n\t\t\n\t\t<a class=\"elementor-post__read-more\" href=\"https:\/\/theholyvalley.shop\/en\/mostbet-favori-casino-platformunuz\/\" aria-label=\"Read more about Mostbet &#8211; favori casino platformunuz\" tabindex=\"-1\" >\n\t\t\t\u00ab Read More \t\t<\/a>\n\n\t\t\t\t<\/div>\n\t\t\t\t<div class=\"elementor-post__meta-data\">\n\t\t\t\t\t<span class=\"elementor-post-date\">\n\t\t\t21\/08\/2025\t\t<\/span>\n\t\t\t\t<\/div>\n\t\t\t\t\t<\/div>\n\t\t<\/article>\n\t\t\t\t<article class=\"elementor-post elementor-grid-item post-5470 post type-post status-publish format-standard hentry category-uncategorized\">\n\t\t\t<div class=\"elementor-post__card\">\n\t\t\t\t<div class=\"elementor-post__text\">\n\t\t\t\t<h3 class=\"elementor-post__title\">\n\t\t\t<a href=\"https:\/\/theholyvalley.shop\/en\/2025-yili-icin-hazirlanmis-ozel-deneme-bonusu-kampanyalari\/\" >\n\t\t\t\t2025 y\u0131l\u0131 i\u00e7in haz\u0131rlanm\u0131\u015f \u00f6zel deneme bonusu kampanyalar\u0131\t\t\t<\/a>\n\t\t<\/h3>\n\t\t\t\t<div class=\"elementor-post__excerpt\">\n\t\t\t<p>2025 y\u0131l\u0131 i\u00e7in haz\u0131rlanm\u0131\u015f \u00f6zel deneme bonusu kampanyalar\u0131<\/p>\t\t<\/div>\n\t\t\n\t\t<a class=\"elementor-post__read-more\" href=\"https:\/\/theholyvalley.shop\/en\/2025-yili-icin-hazirlanmis-ozel-deneme-bonusu-kampanyalari\/\" aria-label=\"Read more about 2025 y\u0131l\u0131 i\u00e7in haz\u0131rlanm\u0131\u015f \u00f6zel deneme bonusu kampanyalar\u0131\" tabindex=\"-1\" >\n\t\t\t\u00ab Read More \t\t<\/a>\n\n\t\t\t\t<\/div>\n\t\t\t\t<div class=\"elementor-post__meta-data\">\n\t\t\t\t\t<span class=\"elementor-post-date\">\n\t\t\t21\/08\/2025\t\t<\/span>\n\t\t\t\t<\/div>\n\t\t\t\t\t<\/div>\n\t\t<\/article>\n\t\t\t\t<article class=\"elementor-post elementor-grid-item post-1925 post type-post status-publish format-standard has-post-thumbnail hentry category-uncategorized\">\n\t\t\t<div class=\"elementor-post__card\">\n\t\t\t\t<a class=\"elementor-post__thumbnail__link\" href=\"https:\/\/theholyvalley.shop\/en\/%d8%ad%d9%85%d9%8a%d8%a9-%d9%85%d9%86%d8%b7%d9%82%d8%a9-%d8%a7%d9%84%d8%a8%d8%ad%d8%b1-%d8%a7%d9%84%d9%85%d8%aa%d9%88%d8%b3%d8%b7%d8%8c-%d9%84%d9%85%d8%a7%d8%b0%d8%a7-%d8%aa%d8%b5%d9%86%d9%81-%d8%a7-2\/\" tabindex=\"-1\" ><div class=\"elementor-post__thumbnail\"><img fetchpriority=\"high\" decoding=\"async\" width=\"3375\" height=\"3375\" src=\"https:\/\/theholyvalley.shop\/wp-content\/uploads\/2023\/03\/Mediterranean-diet1-1.png\" class=\"attachment-full size-full wp-image-1942\" alt=\"\" srcset=\"https:\/\/theholyvalley.shop\/wp-content\/uploads\/2023\/03\/Mediterranean-diet1-1.png 3375w, https:\/\/theholyvalley.shop\/wp-content\/uploads\/2023\/03\/Mediterranean-diet1-1-300x300.png 300w, https:\/\/theholyvalley.shop\/wp-content\/uploads\/2023\/03\/Mediterranean-diet1-1-100x100.png 100w, https:\/\/theholyvalley.shop\/wp-content\/uploads\/2023\/03\/Mediterranean-diet1-1-600x600.png 600w, https:\/\/theholyvalley.shop\/wp-content\/uploads\/2023\/03\/Mediterranean-diet1-1-1024x1024.png 1024w, https:\/\/theholyvalley.shop\/wp-content\/uploads\/2023\/03\/Mediterranean-diet1-1-150x150.png 150w, https:\/\/theholyvalley.shop\/wp-content\/uploads\/2023\/03\/Mediterranean-diet1-1-768x768.png 768w, https:\/\/theholyvalley.shop\/wp-content\/uploads\/2023\/03\/Mediterranean-diet1-1-1536x1536.png 1536w, https:\/\/theholyvalley.shop\/wp-content\/uploads\/2023\/03\/Mediterranean-diet1-1-2048x2048.png 2048w, https:\/\/theholyvalley.shop\/wp-content\/uploads\/2023\/03\/Mediterranean-diet1-1-12x12.png 12w\" sizes=\"(max-width: 3375px) 100vw, 3375px\" \/><\/div><\/a>\n\t\t\t\t<div class=\"elementor-post__text\">\n\t\t\t\t<h3 class=\"elementor-post__title\">\n\t\t\t<a href=\"https:\/\/theholyvalley.shop\/en\/%d8%ad%d9%85%d9%8a%d8%a9-%d9%85%d9%86%d8%b7%d9%82%d8%a9-%d8%a7%d9%84%d8%a8%d8%ad%d8%b1-%d8%a7%d9%84%d9%85%d8%aa%d9%88%d8%b3%d8%b7%d8%8c-%d9%84%d9%85%d8%a7%d8%b0%d8%a7-%d8%aa%d8%b5%d9%86%d9%81-%d8%a7-2\/\" >\n\t\t\t\tMediterranean diet, why is it classified as the best for heart and diabetic patients?!\t\t\t<\/a>\n\t\t<\/h3>\n\t\t\t\t<div class=\"elementor-post__excerpt\">\n\t\t\t<p>What is the Mediterranean diet? It is a diet based on adopting healthy eating habits that the inhabitants of the Mediterranean countries follow within their diet<\/p>\n\t\t<\/div>\n\t\t\n\t\t<a class=\"elementor-post__read-more\" href=\"https:\/\/theholyvalley.shop\/en\/%d8%ad%d9%85%d9%8a%d8%a9-%d9%85%d9%86%d8%b7%d9%82%d8%a9-%d8%a7%d9%84%d8%a8%d8%ad%d8%b1-%d8%a7%d9%84%d9%85%d8%aa%d9%88%d8%b3%d8%b7%d8%8c-%d9%84%d9%85%d8%a7%d8%b0%d8%a7-%d8%aa%d8%b5%d9%86%d9%81-%d8%a7-2\/\" aria-label=\"Read more about \u062d\u0645\u064a\u0629 \u0645\u0646\u0637\u0642\u0629  \u0627\u0644\u0628\u062d\u0631 \u0627\u0644\u0645\u062a\u0648\u0633\u0637\u060c  \u0644\u0645\u0627\u0630\u0627 \u062a\u0635\u0646\u0641 \u0627\u0644\u0623\u0641\u0636\u0644 \u0644\u0645\u0631\u0636\u0649 \u0627\u0644\u0642\u0644\u0628 \u0648\u0627\u0644\u0633\u0643\u0631\u061f!\" tabindex=\"-1\" >\n\t\t\t\u00ab Read More \t\t<\/a>\n\n\t\t\t\t<\/div>\n\t\t\t\t<div class=\"elementor-post__meta-data\">\n\t\t\t\t\t<span class=\"elementor-post-date\">\n\t\t\t09\/03\/2023\t\t<\/span>\n\t\t\t\t<\/div>\n\t\t\t\t\t<\/div>\n\t\t<\/article>\n\t\t\t\t<article class=\"elementor-post elementor-grid-item post-1006 post type-post status-publish format-standard has-post-thumbnail hentry category-uncategorized\">\n\t\t\t<div class=\"elementor-post__card\">\n\t\t\t\t<a class=\"elementor-post__thumbnail__link\" href=\"https:\/\/theholyvalley.shop\/en\/%d9%84%d9%85%d8%a7%d8%b0%d8%a7-%d9%85%d9%86%d8%aa%d8%ac-%d8%a7%d9%84%d9%88%d8%a7%d8%af%d9%8a-%d8%a7%d9%84%d9%85%d9%82%d8%af%d8%b3-%d9%87%d9%88-%d8%a7%d8%a7%d9%84%d9%81%d8%b6%d9%84-%d8%a8%d8%a7%d9%84-2\/\" tabindex=\"-1\" ><div class=\"elementor-post__thumbnail\"><img decoding=\"async\" width=\"1205\" height=\"672\" src=\"https:\/\/theholyvalley.shop\/wp-content\/uploads\/2022\/10\/Screenshot-2022-10-10-232344-1.png\" class=\"attachment-full size-full wp-image-960\" alt=\"\" srcset=\"https:\/\/theholyvalley.shop\/wp-content\/uploads\/2022\/10\/Screenshot-2022-10-10-232344-1.png 1205w, https:\/\/theholyvalley.shop\/wp-content\/uploads\/2022\/10\/Screenshot-2022-10-10-232344-1-300x167.png 300w, https:\/\/theholyvalley.shop\/wp-content\/uploads\/2022\/10\/Screenshot-2022-10-10-232344-1-600x335.png 600w, https:\/\/theholyvalley.shop\/wp-content\/uploads\/2022\/10\/Screenshot-2022-10-10-232344-1-1024x571.png 1024w, https:\/\/theholyvalley.shop\/wp-content\/uploads\/2022\/10\/Screenshot-2022-10-10-232344-1-768x428.png 768w, https:\/\/theholyvalley.shop\/wp-content\/uploads\/2022\/10\/Screenshot-2022-10-10-232344-1-18x10.png 18w\" sizes=\"(max-width: 1205px) 100vw, 1205px\" \/><\/div><\/a>\n\t\t\t\t<div class=\"elementor-post__text\">\n\t\t\t\t<h3 class=\"elementor-post__title\">\n\t\t\t<a href=\"https:\/\/theholyvalley.shop\/en\/%d9%84%d9%85%d8%a7%d8%b0%d8%a7-%d9%85%d9%86%d8%aa%d8%ac-%d8%a7%d9%84%d9%88%d8%a7%d8%af%d9%8a-%d8%a7%d9%84%d9%85%d9%82%d8%af%d8%b3-%d9%87%d9%88-%d8%a7%d8%a7%d9%84%d9%81%d8%b6%d9%84-%d8%a8%d8%a7%d9%84-2\/\" >\n\t\t\t\tWhy is the Sacred Valley product the best in the Egyptian market?\t\t\t<\/a>\n\t\t<\/h3>\n\t\t\t\t<div class=\"elementor-post__excerpt\">\n\t\t\t<p>Sacred Valley olive oil is the result of pressing the finest types of fresh olives and selected very carefully and hand-picked from the finest Sinai farms. We are always keen to provide<\/p>\n\t\t<\/div>\n\t\t\n\t\t<a class=\"elementor-post__read-more\" href=\"https:\/\/theholyvalley.shop\/en\/%d9%84%d9%85%d8%a7%d8%b0%d8%a7-%d9%85%d9%86%d8%aa%d8%ac-%d8%a7%d9%84%d9%88%d8%a7%d8%af%d9%8a-%d8%a7%d9%84%d9%85%d9%82%d8%af%d8%b3-%d9%87%d9%88-%d8%a7%d8%a7%d9%84%d9%81%d8%b6%d9%84-%d8%a8%d8%a7%d9%84-2\/\" aria-label=\"Read more about \u0644\u0645\u0627\u0630\u0627 \u0645\u0646\u062a\u062c \u0627\u0644\u0648\u0627\u062f\u064a \u0627\u0644\u0645\u0642\u062f\u0633 \u0647\u0648 \u0627\u0644\u0623\u0641\u0636\u0644 \u0628\u0627\u0644\u0633\u0648\u0642 \u0627\u0644\u0645\u0635\u0631\u064a\u061f\" tabindex=\"-1\" >\n\t\t\t\u00ab Read More \t\t<\/a>\n\n\t\t\t\t<\/div>\n\t\t\t\t<div class=\"elementor-post__meta-data\">\n\t\t\t\t\t<span class=\"elementor-post-date\">\n\t\t\t11\/10\/2022\t\t<\/span>\n\t\t\t\t<\/div>\n\t\t\t\t\t<\/div>\n\t\t<\/article>\n\t\t\t\t<\/div>\n\t\t\n\t\t\t\t\t\t<\/div>\n\t\t\t\t<\/div>\n\t\t\t\t<\/div>\n\t\t\t\t\t<\/div>\n\t\t\t\t<\/div>\n\t\t\t\t<\/div>","protected":false},"excerpt":{"rendered":"<p>Blog<\/p>","protected":false},"author":1,"featured_media":0,"parent":0,"menu_order":0,"comment_status":"closed","ping_status":"closed","template":"","meta":{"_acf_changed":false,"footnotes":""},"class_list":["post-998","page","type-page","status-publish","hentry"],"blocksy_meta":[],"acf":[],"yoast_head":"<!-- This site is optimized with the Yoast SEO plugin v25.7 - https:\/\/yoast.com\/wordpress\/plugins\/seo\/ -->\n<title>Blog - The Holy Valley<\/title>\n<meta name=\"robots\" content=\"index, follow, max-snippet:-1, max-image-preview:large, max-video-preview:-1\" \/>\n<link rel=\"canonical\" href=\"https:\/\/theholyvalley.shop\/en\/blog\/\" \/>\n<meta property=\"og:locale\" content=\"en_US\" \/>\n<meta property=\"og:type\" content=\"article\" \/>\n<meta property=\"og:title\" content=\"Blog - The Holy Valley\" \/>\n<meta property=\"og:description\" content=\"\u0627\u0644\u0645\u062f\u0648\u0646\u0629\" \/>\n<meta property=\"og:url\" content=\"https:\/\/theholyvalley.shop\/en\/blog\/\" \/>\n<meta property=\"og:site_name\" content=\"The Holy Valley\" \/>\n<meta property=\"article:publisher\" content=\"https:\/\/www.facebook.com\/hvsinai\" \/>\n<meta property=\"article:modified_time\" content=\"2024-08-25T00:36:08+00:00\" \/>\n<meta property=\"og:image\" content=\"https:\/\/theholyvalley.shop\/wp-content\/uploads\/2023\/05\/image-1-1.svg\" \/>\n<meta name=\"twitter:card\" content=\"summary_large_image\" \/>\n<meta name=\"twitter:site\" content=\"@hvsinai\" \/>\n<meta name=\"twitter:label1\" content=\"Est. reading time\" \/>\n\t<meta name=\"twitter:data1\" content=\"3 minutes\" \/>\n<script type=\"application\/ld+json\" class=\"yoast-schema-graph\">{\"@context\":\"https:\/\/schema.org\",\"@graph\":[{\"@type\":\"WebPage\",\"@id\":\"https:\/\/theholyvalley.shop\/blog\/\",\"url\":\"https:\/\/theholyvalley.shop\/blog\/\",\"name\":\"Blog - The Holy Valley\",\"isPartOf\":{\"@id\":\"https:\/\/theholyvalley.shop\/#website\"},\"primaryImageOfPage\":{\"@id\":\"https:\/\/theholyvalley.shop\/blog\/#primaryimage\"},\"image\":{\"@id\":\"https:\/\/theholyvalley.shop\/blog\/#primaryimage\"},\"thumbnailUrl\":\"https:\/\/theholyvalley.shop\/wp-content\/uploads\/2023\/05\/image-1-1.svg\",\"datePublished\":\"2022-10-11T12:24:38+00:00\",\"dateModified\":\"2024-08-25T00:36:08+00:00\",\"breadcrumb\":{\"@id\":\"https:\/\/theholyvalley.shop\/blog\/#breadcrumb\"},\"inLanguage\":\"en-US\",\"potentialAction\":[{\"@type\":\"ReadAction\",\"target\":[\"https:\/\/theholyvalley.shop\/blog\/\"]}]},{\"@type\":\"ImageObject\",\"inLanguage\":\"en-US\",\"@id\":\"https:\/\/theholyvalley.shop\/blog\/#primaryimage\",\"url\":\"https:\/\/theholyvalley.shop\/wp-content\/uploads\/2023\/05\/image-1-1.svg\",\"contentUrl\":\"https:\/\/theholyvalley.shop\/wp-content\/uploads\/2023\/05\/image-1-1.svg\"},{\"@type\":\"BreadcrumbList\",\"@id\":\"https:\/\/theholyvalley.shop\/blog\/#breadcrumb\",\"itemListElement\":[{\"@type\":\"ListItem\",\"position\":1,\"name\":\"Home\",\"item\":\"https:\/\/theholyvalley.shop\/\"},{\"@type\":\"ListItem\",\"position\":2,\"name\":\"Blog\"}]},{\"@type\":\"WebSite\",\"@id\":\"https:\/\/theholyvalley.shop\/#website\",\"url\":\"https:\/\/theholyvalley.shop\/\",\"name\":\"The Holy Valley\",\"description\":\"Just another WordPress site\",\"publisher\":{\"@id\":\"https:\/\/theholyvalley.shop\/#organization\"},\"potentialAction\":[{\"@type\":\"SearchAction\",\"target\":{\"@type\":\"EntryPoint\",\"urlTemplate\":\"https:\/\/theholyvalley.shop\/?s={search_term_string}\"},\"query-input\":{\"@type\":\"PropertyValueSpecification\",\"valueRequired\":true,\"valueName\":\"search_term_string\"}}],\"inLanguage\":\"en-US\"},{\"@type\":\"Organization\",\"@id\":\"https:\/\/theholyvalley.shop\/#organization\",\"name\":\"The Holy Valley\",\"url\":\"https:\/\/theholyvalley.shop\/\",\"logo\":{\"@type\":\"ImageObject\",\"inLanguage\":\"en-US\",\"@id\":\"https:\/\/theholyvalley.shop\/#\/schema\/logo\/image\/\",\"url\":\"https:\/\/theholyvalley.shop\/wp-content\/uploads\/2023\/05\/Asset-1@5x.png\",\"contentUrl\":\"https:\/\/theholyvalley.shop\/wp-content\/uploads\/2023\/05\/Asset-1@5x.png\",\"width\":913,\"height\":1531,\"caption\":\"The Holy Valley\"},\"image\":{\"@id\":\"https:\/\/theholyvalley.shop\/#\/schema\/logo\/image\/\"},\"sameAs\":[\"https:\/\/www.facebook.com\/hvsinai\",\"https:\/\/x.com\/hvsinai\",\"https:\/\/www.instagram.com\/hvsinai\/\"]}]}<\/script>\n<!-- \/ Yoast SEO plugin. -->","yoast_head_json":{"title":"Blog - The Holy Valley","robots":{"index":"index","follow":"follow","max-snippet":"max-snippet:-1","max-image-preview":"max-image-preview:large","max-video-preview":"max-video-preview:-1"},"canonical":"https:\/\/theholyvalley.shop\/en\/blog\/","og_locale":"en_US","og_type":"article","og_title":"Blog - The Holy Valley","og_description":"\u0627\u0644\u0645\u062f\u0648\u0646\u0629","og_url":"https:\/\/theholyvalley.shop\/en\/blog\/","og_site_name":"The Holy Valley","article_publisher":"https:\/\/www.facebook.com\/hvsinai","article_modified_time":"2024-08-25T00:36:08+00:00","og_image":[{"url":"https:\/\/theholyvalley.shop\/wp-content\/uploads\/2023\/05\/image-1-1.svg","type":"","width":"","height":""}],"twitter_card":"summary_large_image","twitter_site":"@hvsinai","twitter_misc":{"Est. reading time":"3 minutes"},"schema":{"@context":"https:\/\/schema.org","@graph":[{"@type":"WebPage","@id":"https:\/\/theholyvalley.shop\/blog\/","url":"https:\/\/theholyvalley.shop\/blog\/","name":"Blog - The Holy Valley","isPartOf":{"@id":"https:\/\/theholyvalley.shop\/#website"},"primaryImageOfPage":{"@id":"https:\/\/theholyvalley.shop\/blog\/#primaryimage"},"image":{"@id":"https:\/\/theholyvalley.shop\/blog\/#primaryimage"},"thumbnailUrl":"https:\/\/theholyvalley.shop\/wp-content\/uploads\/2023\/05\/image-1-1.svg","datePublished":"2022-10-11T12:24:38+00:00","dateModified":"2024-08-25T00:36:08+00:00","breadcrumb":{"@id":"https:\/\/theholyvalley.shop\/blog\/#breadcrumb"},"inLanguage":"en-US","potentialAction":[{"@type":"ReadAction","target":["https:\/\/theholyvalley.shop\/blog\/"]}]},{"@type":"ImageObject","inLanguage":"en-US","@id":"https:\/\/theholyvalley.shop\/blog\/#primaryimage","url":"https:\/\/theholyvalley.shop\/wp-content\/uploads\/2023\/05\/image-1-1.svg","contentUrl":"https:\/\/theholyvalley.shop\/wp-content\/uploads\/2023\/05\/image-1-1.svg"},{"@type":"BreadcrumbList","@id":"https:\/\/theholyvalley.shop\/blog\/#breadcrumb","itemListElement":[{"@type":"ListItem","position":1,"name":"Home","item":"https:\/\/theholyvalley.shop\/"},{"@type":"ListItem","position":2,"name":"Blog"}]},{"@type":"WebSite","@id":"https:\/\/theholyvalley.shop\/#website","url":"https:\/\/theholyvalley.shop\/","name":"The Holy Valley","description":"Just another WordPress site","publisher":{"@id":"https:\/\/theholyvalley.shop\/#organization"},"potentialAction":[{"@type":"SearchAction","target":{"@type":"EntryPoint","urlTemplate":"https:\/\/theholyvalley.shop\/?s={search_term_string}"},"query-input":{"@type":"PropertyValueSpecification","valueRequired":true,"valueName":"search_term_string"}}],"inLanguage":"en-US"},{"@type":"Organization","@id":"https:\/\/theholyvalley.shop\/#organization","name":"The Holy Valley","url":"https:\/\/theholyvalley.shop\/","logo":{"@type":"ImageObject","inLanguage":"en-US","@id":"https:\/\/theholyvalley.shop\/#\/schema\/logo\/image\/","url":"https:\/\/theholyvalley.shop\/wp-content\/uploads\/2023\/05\/Asset-1@5x.png","contentUrl":"https:\/\/theholyvalley.shop\/wp-content\/uploads\/2023\/05\/Asset-1@5x.png","width":913,"height":1531,"caption":"The Holy Valley"},"image":{"@id":"https:\/\/theholyvalley.shop\/#\/schema\/logo\/image\/"},"sameAs":["https:\/\/www.facebook.com\/hvsinai","https:\/\/x.com\/hvsinai","https:\/\/www.instagram.com\/hvsinai\/"]}]}},"_links":{"self":[{"href":"https:\/\/theholyvalley.shop\/en\/wp-json\/wp\/v2\/pages\/998","targetHints":{"allow":["GET"]}}],"collection":[{"href":"https:\/\/theholyvalley.shop\/en\/wp-json\/wp\/v2\/pages"}],"about":[{"href":"https:\/\/theholyvalley.shop\/en\/wp-json\/wp\/v2\/types\/page"}],"author":[{"embeddable":true,"href":"https:\/\/theholyvalley.shop\/en\/wp-json\/wp\/v2\/users\/1"}],"replies":[{"embeddable":true,"href":"https:\/\/theholyvalley.shop\/en\/wp-json\/wp\/v2\/comments?post=998"}],"version-history":[{"count":6,"href":"https:\/\/theholyvalley.shop\/en\/wp-json\/wp\/v2\/pages\/998\/revisions"}],"predecessor-version":[{"id":2990,"href":"https:\/\/theholyvalley.shop\/en\/wp-json\/wp\/v2\/pages\/998\/revisions\/2990"}],"wp:attachment":[{"href":"https:\/\/theholyvalley.shop\/en\/wp-json\/wp\/v2\/media?parent=998"}],"curies":[{"name":"wp","href":"https:\/\/api.w.org\/{rel}","templated":true}]}}